{"id":109,"date":"2024-06-13T12:17:50","date_gmt":"2024-06-13T10:17:50","guid":{"rendered":"https:\/\/qatna.hr\/kosarica\/"},"modified":"2024-08-27T09:08:05","modified_gmt":"2024-08-27T07:08:05","slug":"kosarica","status":"publish","type":"page","link":"https:\/\/qatna.hr\/de\/warenkorb\/","title":{"rendered":"Warenkorb"},"content":{"rendered":"\n<div data-block-name=\"woocommerce\/cart\" class=\"wp-block-woocommerce-cart alignwide is-loading\">\n<div data-block-name=\"woocommerce\/filled-cart-block\" class=\"wp-block-woocommerce-filled-cart-block\">\n<div data-block-name=\"woocommerce\/cart-items-block\" class=\"wp-block-woocommerce-cart-items-block\">\n<div data-block-name=\"woocommerce\/cart-line-items-block\" class=\"wp-block-woocommerce-cart-line-items-block\"><\/div>\n\n\n\n<div data-block-name=\"woocommerce\/cart-cross-sells-block\" class=\"wp-block-woocommerce-cart-cross-sells-block\">\n<h2 class=\"wp-block-heading has-large-font-size\">Moglo bi vas zanimati&#8230;<\/h2>\n\n\n\n<div data-block-name=\"woocommerce\/cart-cross-sells-products-block\" class=\"wp-block-woocommerce-cart-cross-sells-products-block\"><\/div>\n<\/div>\n<\/div>\n\n\n\n<div data-block-name=\"woocommerce\/cart-totals-block\" class=\"wp-block-woocommerce-cart-totals-block\">\n<div data-block-name=\"woocommerce\/cart-order-summary-block\" class=\"wp-block-woocommerce-cart-order-summary-block\">\n<div data-block-name=\"woocommerce\/cart-order-summary-heading-block\" class=\"wp-block-woocommerce-cart-order-summary-heading-block\"><\/div><div data-block-name=\"woocommerce\/cart-order-summary-coupon-form-block\" class=\"wp-block-woocommerce-cart-order-summary-coupon-form-block\"><\/div><div data-block-name=\"woocommerce\/cart-order-summary-totals-block\" class=\"wp-block-woocommerce-cart-order-summary-totals-block\">\n<div data-block-name=\"woocommerce\/cart-order-summary-subtotal-block\" class=\"wp-block-woocommerce-cart-order-summary-subtotal-block\"><\/div>\n<div data-block-name=\"woocommerce\/cart-order-summary-discount-block\" class=\"wp-block-woocommerce-cart-order-summary-discount-block\"><\/div>\n<div data-block-name=\"woocommerce\/cart-order-summary-fee-block\" class=\"wp-block-woocommerce-cart-order-summary-fee-block\"><\/div>\n<div data-block-name=\"woocommerce\/cart-order-summary-shipping-block\" class=\"wp-block-woocommerce-cart-order-summary-shipping-block\"><\/div>\n<div data-block-name=\"woocommerce\/cart-order-summary-taxes-block\" class=\"wp-block-woocommerce-cart-order-summary-taxes-block\"><\/div><\/div>\n<\/div>\n\n\n\n<div data-block-name=\"woocommerce\/cart-express-payment-block\" class=\"wp-block-woocommerce-cart-express-payment-block\"><\/div>\n\n\n\n<div data-block-name=\"woocommerce\/proceed-to-checkout-block\" class=\"wp-block-woocommerce-proceed-to-checkout-block\"><\/div>\n\n\n\n<div data-block-name=\"woocommerce\/cart-accepted-payment-methods-block\" class=\"wp-block-woocommerce-cart-accepted-payment-methods-block\"><\/div>\n<\/div>\n<\/div>\n\n\n\n<div data-block-name=\"woocommerce\/empty-cart-block\" class=\"wp-block-woocommerce-empty-cart-block\">\n<h2 class=\"wp-block-heading has-text-align-center with-empty-cart-icon wc-block-cart__empty-cart__title\">Va\u0161a ko\u0161arica je trenutno prazna!<\/h2>\n\n\n\n<hr class=\"wp-block-separator has-alpha-channel-opacity is-style-dots\"\/>\n\n\n\n<h2 class=\"wp-block-heading has-text-align-center\">Novo u trgovini<\/h2>\n\n\n<div data-block-name=\"woocommerce\/product-new\" data-columns=\"4\" data-rows=\"1\" class=\"wc-block-grid wp-block-product-new wp-block-woocommerce-product-new wc-block-product-new has-4-columns\"><ul class=\"wc-block-grid__products\"><li class=\"wc-block-grid__product\">\n\t\t\t\t<a href=\"https:\/\/qatna.hr\/de\/produkt\/turska-baklava-cokolada-orah-3\/\" class=\"wc-block-grid__product-link\">\n\t\t\t\t\t\n\t\t\t\t\t<div class=\"wc-block-grid__product-image\"><img decoding=\"async\" width=\"300\" height=\"300\" src=\"https:\/\/qatna.hr\/wp-content\/uploads\/2025\/12\/DSC0293-300x300.jpg\" class=\"attachment-woocommerce_thumbnail size-woocommerce_thumbnail\" alt=\"Turska baklava - \u010cokolada Orah\" \/><\/div>\n\t\t\t\t\t<div class=\"wc-block-grid__product-title\">Turska baklava &#8211; \u010cokolada Orah<\/div>\n\t\t\t\t<\/a>\n\t\t\t\t<div class=\"wc-block-grid__product-price price\"><span class=\"woocommerce-Price-amount amount\">12,90&nbsp;<span class=\"woocommerce-Price-currencySymbol\">&euro;<\/span><\/span><\/div>\n\t\t\t\t\n\t\t\t\t<div class=\"wp-block-button wc-block-grid__product-add-to-cart\"><a href=\"\/de\/wp-json\/wp\/v2\/pages\/109?add-to-cart=2179\" aria-label=\"In den Warenkorb legen: \u201eTurska baklava - \u010cokolada Orah\u201c\" data-quantity=\"1\" data-product_id=\"2179\" data-product_sku=\"\" data-price=\"12.9\" rel=\"nofollow\" class=\"wp-block-button__link  add_to_cart_button ajax_add_to_cart\">In den Warenkorb<\/a><\/div>\n\t\t\t<\/li><li class=\"wc-block-grid__product\">\n\t\t\t\t<a href=\"https:\/\/qatna.hr\/de\/produkt\/turska-baklava-cokolada-orah-2\/\" class=\"wc-block-grid__product-link\">\n\t\t\t\t\t\n\t\t\t\t\t<div class=\"wc-block-grid__product-image\"><img decoding=\"async\" width=\"300\" height=\"300\" src=\"https:\/\/qatna.hr\/wp-content\/uploads\/2025\/12\/DSC0321-300x300.jpg\" class=\"attachment-woocommerce_thumbnail size-woocommerce_thumbnail\" alt=\"Turska baklava - \u010cokolada Orah\" \/><\/div>\n\t\t\t\t\t<div class=\"wc-block-grid__product-title\">Turska baklava &#8211; \u010cokolada Orah<\/div>\n\t\t\t\t<\/a>\n\t\t\t\t<div class=\"wc-block-grid__product-price price\"><span class=\"woocommerce-Price-amount amount\">25,90&nbsp;<span class=\"woocommerce-Price-currencySymbol\">&euro;<\/span><\/span><\/div>\n\t\t\t\t\n\t\t\t\t<div class=\"wp-block-button wc-block-grid__product-add-to-cart\"><a href=\"https:\/\/qatna.hr\/de\/produkt\/turska-baklava-cokolada-orah-2\/\" aria-label=\"Lese mehr \u00fcber &#8222;Turska baklava - \u010cokolada Orah&#8220;\" data-quantity=\"1\" data-product_id=\"2172\" data-product_sku=\"\" data-price=\"25.9\" rel=\"nofollow\" class=\"wp-block-button__link  add_to_cart_button\">Weiterlesen<\/a><\/div>\n\t\t\t<\/li><li class=\"wc-block-grid__product\">\n\t\t\t\t<a href=\"https:\/\/qatna.hr\/de\/produkt\/turska-baklava-cokolada-orah\/\" class=\"wc-block-grid__product-link\">\n\t\t\t\t\t\n\t\t\t\t\t<div class=\"wc-block-grid__product-image\"><img decoding=\"async\" width=\"300\" height=\"300\" src=\"https:\/\/qatna.hr\/wp-content\/uploads\/2025\/12\/DSC0283-300x300.jpg\" class=\"attachment-woocommerce_thumbnail size-woocommerce_thumbnail\" alt=\"Turska baklava - \u010cokolada Orah\" \/><\/div>\n\t\t\t\t\t<div class=\"wc-block-grid__product-title\">Turska baklava &#8211; \u010cokolada Orah<\/div>\n\t\t\t\t<\/a>\n\t\t\t\t<div class=\"wc-block-grid__product-price price\"><span class=\"woocommerce-Price-amount amount\">6,50&nbsp;<span class=\"woocommerce-Price-currencySymbol\">&euro;<\/span><\/span><\/div>\n\t\t\t\t\n\t\t\t\t<div class=\"wp-block-button wc-block-grid__product-add-to-cart\"><a href=\"\/de\/wp-json\/wp\/v2\/pages\/109?add-to-cart=2167\" aria-label=\"In den Warenkorb legen: \u201eTurska baklava - \u010cokolada Orah\u201c\" data-quantity=\"1\" data-product_id=\"2167\" data-product_sku=\"\" data-price=\"6.5\" rel=\"nofollow\" class=\"wp-block-button__link  add_to_cart_button ajax_add_to_cart\">In den Warenkorb<\/a><\/div>\n\t\t\t<\/li><li class=\"wc-block-grid__product\">\n\t\t\t\t<a href=\"https:\/\/qatna.hr\/de\/produkt\/turska-baklava-ljesnjak-3\/\" class=\"wc-block-grid__product-link\">\n\t\t\t\t\t\n\t\t\t\t\t<div class=\"wc-block-grid__product-image\"><img decoding=\"async\" width=\"300\" height=\"300\" src=\"https:\/\/qatna.hr\/wp-content\/uploads\/2025\/12\/DSC0306-300x300.jpg\" class=\"attachment-woocommerce_thumbnail size-woocommerce_thumbnail\" alt=\"Turska baklava - Lje\u0161njak\" \/><\/div>\n\t\t\t\t\t<div class=\"wc-block-grid__product-title\">Turska baklava &#8211; Lje\u0161njak<\/div>\n\t\t\t\t<\/a>\n\t\t\t\t<div class=\"wc-block-grid__product-price price\"><span class=\"woocommerce-Price-amount amount\">25,90&nbsp;<span class=\"woocommerce-Price-currencySymbol\">&euro;<\/span><\/span><\/div>\n\t\t\t\t\n\t\t\t\t<div class=\"wp-block-button wc-block-grid__product-add-to-cart\"><a href=\"https:\/\/qatna.hr\/de\/produkt\/turska-baklava-ljesnjak-3\/\" aria-label=\"Lese mehr \u00fcber &#8222;Turska baklava - Lje\u0161njak&#8220;\" data-quantity=\"1\" data-product_id=\"2165\" data-product_sku=\"\" data-price=\"25.9\" rel=\"nofollow\" class=\"wp-block-button__link  add_to_cart_button\">Weiterlesen<\/a><\/div>\n\t\t\t<\/li><\/ul><\/div><\/div>\n<\/div>\n","protected":false},"excerpt":{"rendered":"","protected":false},"author":1,"featured_media":0,"parent":0,"menu_order":0,"comment_status":"closed","ping_status":"closed","template":"","meta":{"_et_pb_use_builder":"","_et_pb_old_content":"","_et_gb_content_width":"","footnotes":""},"class_list":["post-109","page","type-page","status-publish","hentry"],"yoast_head":"<!-- This site is optimized with the Yoast SEO plugin v27.3 - https:\/\/yoast.com\/product\/yoast-seo-wordpress\/ -->\n<title>Warenkorb<\/title>\n<meta name=\"robots\" content=\"index, follow, max-snippet:-1, max-image-preview:large, max-video-preview:-1\" \/>\n<meta property=\"og:locale\" content=\"de_DE\" \/>\n<meta property=\"og:type\" content=\"article\" \/>\n<meta property=\"og:title\" content=\"Warenkorb\" \/>\n<meta property=\"og:url\" content=\"https:\/\/qatna.hr\/de\/warenkorb\/\" \/>\n<meta property=\"og:site_name\" content=\"Qatna\" \/>\n<meta property=\"article:modified_time\" content=\"2024-08-27T07:08:05+00:00\" \/>\n<meta name=\"twitter:card\" content=\"summary_large_image\" \/>\n<script type=\"application\/ld+json\" class=\"yoast-schema-graph\">{\"@context\":\"https:\\\/\\\/schema.org\",\"@graph\":[{\"@type\":\"WebPage\",\"@id\":\"https:\\\/\\\/qatna.hr\\\/de\\\/warenkorb\\\/\",\"url\":\"https:\\\/\\\/qatna.hr\\\/de\\\/warenkorb\\\/\",\"name\":\"Ko\u0161arica - Qatna\",\"isPartOf\":{\"@id\":\"https:\\\/\\\/qatna.hr\\\/#website\"},\"datePublished\":\"2024-06-13T10:17:50+00:00\",\"dateModified\":\"2024-08-27T07:08:05+00:00\",\"breadcrumb\":{\"@id\":\"https:\\\/\\\/qatna.hr\\\/de\\\/warenkorb\\\/#breadcrumb\"},\"inLanguage\":\"de\",\"potentialAction\":[{\"@type\":\"ReadAction\",\"target\":[\"https:\\\/\\\/qatna.hr\\\/de\\\/warenkorb\\\/\"]}]},{\"@type\":\"BreadcrumbList\",\"@id\":\"https:\\\/\\\/qatna.hr\\\/de\\\/warenkorb\\\/#breadcrumb\",\"itemListElement\":[{\"@type\":\"ListItem\",\"position\":1,\"name\":\"Startseite\",\"item\":\"https:\\\/\\\/qatna.hr\\\/\"},{\"@type\":\"ListItem\",\"position\":2,\"name\":\"Warenkorb\"}]},{\"@type\":\"WebSite\",\"@id\":\"https:\\\/\\\/qatna.hr\\\/de\\\/#website\",\"url\":\"https:\\\/\\\/qatna.hr\\\/de\\\/\",\"name\":\"Qatna\",\"description\":\"Luxuri\u00f6se orientalische S\u00fc\u00dfigkeiten\",\"potentialAction\":[{\"@type\":\"SearchAction\",\"target\":{\"@type\":\"EntryPoint\",\"urlTemplate\":\"https:\\\/\\\/qatna.hr\\\/de\\\/?s={search_term_string}\"},\"query-input\":{\"@type\":\"PropertyValueSpecification\",\"valueRequired\":true,\"valueName\":\"search_term_string\"}}],\"inLanguage\":\"de\"}]}<\/script>\n<!-- \/ Yoast SEO plugin. -->","yoast_head_json":{"title":"Warenkorb","robots":{"index":"index","follow":"follow","max-snippet":"max-snippet:-1","max-image-preview":"max-image-preview:large","max-video-preview":"max-video-preview:-1"},"og_locale":"de_DE","og_type":"article","og_title":"Warenkorb","og_url":"https:\/\/qatna.hr\/de\/warenkorb\/","og_site_name":"Qatna","article_modified_time":"2024-08-27T07:08:05+00:00","twitter_card":"summary_large_image","schema":{"@context":"https:\/\/schema.org","@graph":[{"@type":"WebPage","@id":"https:\/\/qatna.hr\/de\/warenkorb\/","url":"https:\/\/qatna.hr\/de\/warenkorb\/","name":"Ko\u0161arica - Qatna","isPartOf":{"@id":"https:\/\/qatna.hr\/#website"},"datePublished":"2024-06-13T10:17:50+00:00","dateModified":"2024-08-27T07:08:05+00:00","breadcrumb":{"@id":"https:\/\/qatna.hr\/de\/warenkorb\/#breadcrumb"},"inLanguage":"de","potentialAction":[{"@type":"ReadAction","target":["https:\/\/qatna.hr\/de\/warenkorb\/"]}]},{"@type":"BreadcrumbList","@id":"https:\/\/qatna.hr\/de\/warenkorb\/#breadcrumb","itemListElement":[{"@type":"ListItem","position":1,"name":"Startseite","item":"https:\/\/qatna.hr\/"},{"@type":"ListItem","position":2,"name":"Warenkorb"}]},{"@type":"WebSite","@id":"https:\/\/qatna.hr\/de\/#website","url":"https:\/\/qatna.hr\/de\/","name":"Qatna","description":"Luxuri\u00f6se orientalische S\u00fc\u00dfigkeiten","potentialAction":[{"@type":"SearchAction","target":{"@type":"EntryPoint","urlTemplate":"https:\/\/qatna.hr\/de\/?s={search_term_string}"},"query-input":{"@type":"PropertyValueSpecification","valueRequired":true,"valueName":"search_term_string"}}],"inLanguage":"de"}]}},"_links":{"self":[{"href":"https:\/\/qatna.hr\/de\/wp-json\/wp\/v2\/pages\/109","targetHints":{"allow":["GET"]}}],"collection":[{"href":"https:\/\/qatna.hr\/de\/wp-json\/wp\/v2\/pages"}],"about":[{"href":"https:\/\/qatna.hr\/de\/wp-json\/wp\/v2\/types\/page"}],"author":[{"embeddable":true,"href":"https:\/\/qatna.hr\/de\/wp-json\/wp\/v2\/users\/1"}],"replies":[{"embeddable":true,"href":"https:\/\/qatna.hr\/de\/wp-json\/wp\/v2\/comments?post=109"}],"version-history":[{"count":1,"href":"https:\/\/qatna.hr\/de\/wp-json\/wp\/v2\/pages\/109\/revisions"}],"predecessor-version":[{"id":1091,"href":"https:\/\/qatna.hr\/de\/wp-json\/wp\/v2\/pages\/109\/revisions\/1091"}],"wp:attachment":[{"href":"https:\/\/qatna.hr\/de\/wp-json\/wp\/v2\/media?parent=109"}],"curies":[{"name":"wp","href":"https:\/\/api.w.org\/{rel}","templated":true}]}}