{"id":114,"date":"2024-06-13T15:51:25","date_gmt":"2024-06-13T13:51:25","guid":{"rendered":"https:\/\/qatna.hr\/wishlist\/"},"modified":"2024-08-19T12:28:52","modified_gmt":"2024-08-19T10:28:52","slug":"wishlist","status":"publish","type":"page","link":"https:\/\/qatna.hr\/de\/wunschliste\/","title":{"rendered":"Wunschliste"},"content":{"rendered":"[et_pb_section fb_built=&#8220;1&#8243; admin_label=&#8220;section&#8220; _builder_version=&#8220;4.27.0&#8243; hover_enabled=&#8220;0&#8243; global_colors_info=&#8220;{}&#8220; custom_padding=&#8220;150px||||false|false&#8220; custom_padding_last_edited=&#8220;on|phone&#8220; sticky_enabled=&#8220;0&#8243; custom_padding_tablet=&#8220;130px||||false|false&#8220; custom_padding_phone=&#8220;110px||||false|false&#8220;][et_pb_row admin_label=&#8220;row&#8220; _builder_version=&#8220;4.27.0&#8243; background_size=&#8220;initial&#8220; background_position=&#8220;top_left&#8220; background_repeat=&#8220;repeat&#8220; hover_enabled=&#8220;0&#8243; global_colors_info=&#8220;{}&#8220; sticky_enabled=&#8220;0&#8243;][et_pb_column type=&#8220;4_4&#8243; _builder_version=&#8220;4.16&#8243; custom_padding=&#8220;|||&#8220; global_colors_info=&#8220;{}&#8220; custom_padding__hover=&#8220;|||&#8220;][et_pb_text admin_label=&#8220;Text&#8220; _builder_version=&#8220;4.27.0&#8243; background_size=&#8220;initial&#8220; background_position=&#8220;top_left&#8220; background_repeat=&#8220;repeat&#8220; hover_enabled=&#8220;0&#8243; global_colors_info=&#8220;{}&#8220; sticky_enabled=&#8220;0&#8243; text_font=&#8220;Inter||||||||&#8220;]<p><p>[yith_wcwl_wishlist]<\/p>\n<\/p>[\/et_pb_text][\/et_pb_column][\/et_pb_row][\/et_pb_section]","protected":false},"excerpt":{"rendered":"<p>[yith_wcwl_wishlist]<\/p>\n","protected":false},"author":1,"featured_media":0,"parent":0,"menu_order":0,"comment_status":"closed","ping_status":"closed","template":"","meta":{"_et_pb_use_builder":"on","_et_pb_old_content":"<!-- wp:shortcode -->[yith_wcwl_wishlist]<!-- \/wp:shortcode -->","_et_gb_content_width":"","footnotes":""},"class_list":["post-114","page","type-page","status-publish","hentry"],"yoast_head":"<!-- This site is optimized with the Yoast SEO plugin v27.3 - https:\/\/yoast.com\/product\/yoast-seo-wordpress\/ -->\n<title>Wunschliste<\/title>\n<meta name=\"robots\" content=\"index, follow, max-snippet:-1, max-image-preview:large, max-video-preview:-1\" \/>\n<meta property=\"og:locale\" content=\"de_DE\" \/>\n<meta property=\"og:type\" content=\"article\" \/>\n<meta property=\"og:title\" content=\"Wunschliste\" \/>\n<meta property=\"og:url\" content=\"https:\/\/qatna.hr\/de\/wunschliste\/\" \/>\n<meta property=\"og:site_name\" content=\"Qatna\" \/>\n<meta property=\"article:modified_time\" content=\"2024-08-19T10:28:52+00:00\" \/>\n<meta name=\"twitter:card\" content=\"summary_large_image\" \/>\n<meta name=\"twitter:label1\" content=\"Gesch\u00e4tzte Lesezeit\" \/>\n\t<meta name=\"twitter:data1\" content=\"1\u00a0Minute\" \/>\n<script type=\"application\/ld+json\" class=\"yoast-schema-graph\">{\"@context\":\"https:\\\/\\\/schema.org\",\"@graph\":[{\"@type\":\"WebPage\",\"@id\":\"https:\\\/\\\/qatna.hr\\\/de\\\/wunschliste\\\/\",\"url\":\"https:\\\/\\\/qatna.hr\\\/de\\\/wunschliste\\\/\",\"name\":\"Lista \u017eelja - Qatna\",\"isPartOf\":{\"@id\":\"https:\\\/\\\/qatna.hr\\\/#website\"},\"datePublished\":\"2024-06-13T13:51:25+00:00\",\"dateModified\":\"2024-08-19T10:28:52+00:00\",\"breadcrumb\":{\"@id\":\"https:\\\/\\\/qatna.hr\\\/de\\\/wunschliste\\\/#breadcrumb\"},\"inLanguage\":\"de\",\"potentialAction\":[{\"@type\":\"ReadAction\",\"target\":[\"https:\\\/\\\/qatna.hr\\\/de\\\/wunschliste\\\/\"]}]},{\"@type\":\"BreadcrumbList\",\"@id\":\"https:\\\/\\\/qatna.hr\\\/de\\\/wunschliste\\\/#breadcrumb\",\"itemListElement\":[{\"@type\":\"ListItem\",\"position\":1,\"name\":\"Startseite\",\"item\":\"https:\\\/\\\/qatna.hr\\\/\"},{\"@type\":\"ListItem\",\"position\":2,\"name\":\"Wunschliste\"}]},{\"@type\":\"WebSite\",\"@id\":\"https:\\\/\\\/qatna.hr\\\/de\\\/#website\",\"url\":\"https:\\\/\\\/qatna.hr\\\/de\\\/\",\"name\":\"Qatna\",\"description\":\"Luxuri\u00f6se orientalische S\u00fc\u00dfigkeiten\",\"potentialAction\":[{\"@type\":\"SearchAction\",\"target\":{\"@type\":\"EntryPoint\",\"urlTemplate\":\"https:\\\/\\\/qatna.hr\\\/de\\\/?s={search_term_string}\"},\"query-input\":{\"@type\":\"PropertyValueSpecification\",\"valueRequired\":true,\"valueName\":\"search_term_string\"}}],\"inLanguage\":\"de\"}]}<\/script>\n<!-- \/ Yoast SEO plugin. -->","yoast_head_json":{"title":"Wunschliste","robots":{"index":"index","follow":"follow","max-snippet":"max-snippet:-1","max-image-preview":"max-image-preview:large","max-video-preview":"max-video-preview:-1"},"og_locale":"de_DE","og_type":"article","og_title":"Wunschliste","og_url":"https:\/\/qatna.hr\/de\/wunschliste\/","og_site_name":"Qatna","article_modified_time":"2024-08-19T10:28:52+00:00","twitter_card":"summary_large_image","twitter_misc":{"Gesch\u00e4tzte Lesezeit":"1\u00a0Minute"},"schema":{"@context":"https:\/\/schema.org","@graph":[{"@type":"WebPage","@id":"https:\/\/qatna.hr\/de\/wunschliste\/","url":"https:\/\/qatna.hr\/de\/wunschliste\/","name":"Lista \u017eelja - Qatna","isPartOf":{"@id":"https:\/\/qatna.hr\/#website"},"datePublished":"2024-06-13T13:51:25+00:00","dateModified":"2024-08-19T10:28:52+00:00","breadcrumb":{"@id":"https:\/\/qatna.hr\/de\/wunschliste\/#breadcrumb"},"inLanguage":"de","potentialAction":[{"@type":"ReadAction","target":["https:\/\/qatna.hr\/de\/wunschliste\/"]}]},{"@type":"BreadcrumbList","@id":"https:\/\/qatna.hr\/de\/wunschliste\/#breadcrumb","itemListElement":[{"@type":"ListItem","position":1,"name":"Startseite","item":"https:\/\/qatna.hr\/"},{"@type":"ListItem","position":2,"name":"Wunschliste"}]},{"@type":"WebSite","@id":"https:\/\/qatna.hr\/de\/#website","url":"https:\/\/qatna.hr\/de\/","name":"Qatna","description":"Luxuri\u00f6se orientalische S\u00fc\u00dfigkeiten","potentialAction":[{"@type":"SearchAction","target":{"@type":"EntryPoint","urlTemplate":"https:\/\/qatna.hr\/de\/?s={search_term_string}"},"query-input":{"@type":"PropertyValueSpecification","valueRequired":true,"valueName":"search_term_string"}}],"inLanguage":"de"}]}},"_links":{"self":[{"href":"https:\/\/qatna.hr\/de\/wp-json\/wp\/v2\/pages\/114","targetHints":{"allow":["GET"]}}],"collection":[{"href":"https:\/\/qatna.hr\/de\/wp-json\/wp\/v2\/pages"}],"about":[{"href":"https:\/\/qatna.hr\/de\/wp-json\/wp\/v2\/types\/page"}],"author":[{"embeddable":true,"href":"https:\/\/qatna.hr\/de\/wp-json\/wp\/v2\/users\/1"}],"replies":[{"embeddable":true,"href":"https:\/\/qatna.hr\/de\/wp-json\/wp\/v2\/comments?post=114"}],"version-history":[{"count":5,"href":"https:\/\/qatna.hr\/de\/wp-json\/wp\/v2\/pages\/114\/revisions"}],"predecessor-version":[{"id":941,"href":"https:\/\/qatna.hr\/de\/wp-json\/wp\/v2\/pages\/114\/revisions\/941"}],"wp:attachment":[{"href":"https:\/\/qatna.hr\/de\/wp-json\/wp\/v2\/media?parent=114"}],"curies":[{"name":"wp","href":"https:\/\/api.w.org\/{rel}","templated":true}]}}