{"id":1958,"date":"2025-11-28T16:45:21","date_gmt":"2025-11-28T15:45:21","guid":{"rendered":"https:\/\/qatna.hr\/proizvod\/\/"},"modified":"2025-12-14T15:10:16","modified_gmt":"2025-12-14T14:10:16","slug":"turska-baklava-cokolada-pistacija-500g-dubai-cokolada-orah","status":"publish","type":"product","link":"https:\/\/qatna.hr\/de\/produkt\/turska-baklava-cokolada-pistacija-500g-dubai-cokolada-orah\/","title":{"rendered":"Qatna Baklava Elegance \u2013 Badem"},"content":{"rendered":"<p data-start=\"135\" data-end=\"520\">Otkrijte \u010daroliju turske baklave u rasko\u0161noj kombinaciji hrskavih badema i nje\u017eno aromatiziranog sirupa. Na\u0161a premium baklava spaja slatko\u0107u i kremoznost punjenja od prvoklasnih badema s ru\u010dno izra\u0111enim, ultra tankim korama, stvaraju\u0107i savr\u0161enu harmoniju hrskavosti i bogatog okusa. Svaki zalogaj topi se u ustima, otkrivaju\u0107i sofisticirani, autenti\u010dni okus koji osvaja na prvi tren.<\/p>\n<p data-start=\"522\" data-end=\"616\">Savr\u0161ena kao poseban desert, elegantan poklon ili trenutak u\u017eivanja uz kavu i dobro dru\u0161tvo.<\/p>\n<p data-start=\"618\" data-end=\"647\">Originalna turska receptura<\/p>\n<p data-start=\"649\" data-end=\"663\">Ru\u010dna izrada<\/p>\n<p data-start=\"665\" data-end=\"683\">Premium sastojci<\/p>\n<p data-start=\"685\" data-end=\"717\">Autenti\u010dan okus bez kompromisa<\/p>\n<p data-start=\"719\" data-end=\"787\">QATNA baklava \u2013 prava turska delicija koja osvaja na prvi zalogaj.<\/p>\n","protected":false},"excerpt":{"rendered":"<p>Otkrijte \u010daroliju turske baklave u rasko\u0161noj kombinaciji hrskavih badema i nje\u017eno aromatiziranog sirupa. Na\u0161a premium baklava spaja slatko\u0107u i kremoznost punjenja od prvoklasnih badema s ru\u010dno izra\u0111enim, ultra tankim korama, stvaraju\u0107i savr\u0161enu harmoniju hrskavosti i bogatog okusa. Svaki zalogaj topi se u ustima, otkrivaju\u0107i sofisticirani, autenti\u010dni okus koji osvaja na prvi tren. Savr\u0161ena kao poseban [&hellip;]<\/p>\n","protected":false},"featured_media":2096,"template":"","meta":{"_et_pb_use_builder":"","_et_pb_old_content":"","_et_gb_content_width":""},"product_brand":[],"product_cat":[29],"product_tag":[26],"class_list":{"0":"post-1958","1":"product","2":"type-product","3":"status-publish","4":"has-post-thumbnail","6":"product_cat-nachtisch","7":"product_tag-mittlere-verpackung","9":"first","10":"instock","11":"taxable","12":"shipping-taxable","13":"purchasable","14":"product-type-simple"},"yoast_head":"<!-- This site is optimized with the Yoast SEO plugin v27.3 - https:\/\/yoast.com\/product\/yoast-seo-wordpress\/ -->\n<title>Qatna<\/title>\n<meta name=\"description\" content=\"Otkrijte QATNA baklavu s bademom \u2013 ru\u010dno izra\u0111enu prema originalnoj turskoj recepturi. Hrskavi bademi, tanko tijesto i aromati\u010dni sirup \u010dine savr\u0161en desert.\" \/>\n<meta name=\"robots\" content=\"index, follow, max-snippet:-1, max-image-preview:large, max-video-preview:-1\" \/>\n<link rel=\"canonical\" href=\"http:\/\/Otkrijte%20\u010daroliju%20turske%20baklave%20u%20rasko\u0161noj%20kombinaciji%20hrskavih%20badema%20i%20nje\u017eno%20aromatiziranog%20sirupa.%20Na\u0161a%20premium%20baklava%20spaja%20slatko\u0107u%20i%20kremoznost%20punjenja%20od%20prvoklasnih%20badema%20s%20ru\u010dno%20izra\u0111enim,%20ultra%20tankim%20korama,%20stvaraju\u0107i%20savr\u0161enu%20harmoniju%20hrskavosti%20i%20bogatog%20okusa.%20Svaki%20zalogaj%20topi%20se%20u%20ustima,%20otkrivaju\u0107i%20sofisticirani,%20autenti\u010dni%20okus%20koji%20osvaja%20na%20prvi%20tren.%20Savr\u0161ena%20kao%20poseban&hellip;\" \/>\n<meta property=\"og:locale\" content=\"de_DE\" \/>\n<meta property=\"og:type\" content=\"article\" \/>\n<meta property=\"og:description\" content=\"Otkrijte QATNA baklavu s bademom \u2013 ru\u010dno izra\u0111enu prema originalnoj turskoj recepturi. Hrskavi bademi, tanko tijesto i aromati\u010dni sirup \u010dine savr\u0161en desert.\" \/>\n<meta property=\"og:url\" content=\"https:\/\/qatna.hr\/de\/produkt\/turska-baklava-cokolada-pistacija-500g-dubai-cokolada-orah\/\" \/>\n<meta property=\"og:site_name\" content=\"Qatna\" \/>\n<meta property=\"article:modified_time\" content=\"2025-12-14T14:10:16+00:00\" \/>\n<meta property=\"og:image\" content=\"https:\/\/qatna.hr\/wp-content\/uploads\/2025\/11\/DSC0248-scaled.jpg\" \/>\n\t<meta property=\"og:image:width\" content=\"2560\" \/>\n\t<meta property=\"og:image:height\" content=\"2560\" \/>\n\t<meta property=\"og:image:type\" content=\"image\/jpeg\" \/>\n<meta name=\"twitter:card\" content=\"summary_large_image\" \/>\n<meta name=\"twitter:label1\" content=\"Gesch\u00e4tzte Lesezeit\" \/>\n\t<meta name=\"twitter:data1\" content=\"1\u00a0Minute\" \/>\n<script type=\"application\/ld+json\" class=\"yoast-schema-graph\">{\"@context\":\"https:\\\/\\\/schema.org\",\"@graph\":[{\"@type\":\"WebPage\",\"@id\":\"https:\\\/\\\/qatna.hr\\\/de\\\/produkt\\\/turska-baklava-cokolada-pistacija-500g-dubai-cokolada-orah\\\/\",\"url\":\"https:\\\/\\\/qatna.hr\\\/de\\\/produkt\\\/turska-baklava-cokolada-pistacija-500g-dubai-cokolada-orah\\\/\",\"name\":\"Qatna Baklava Elegance \u2013 Badem\",\"isPartOf\":{\"@id\":\"https:\\\/\\\/qatna.hr\\\/#website\"},\"primaryImageOfPage\":{\"@id\":\"https:\\\/\\\/qatna.hr\\\/de\\\/produkt\\\/turska-baklava-cokolada-pistacija-500g-dubai-cokolada-orah\\\/#primaryimage\"},\"image\":{\"@id\":\"https:\\\/\\\/qatna.hr\\\/de\\\/produkt\\\/turska-baklava-cokolada-pistacija-500g-dubai-cokolada-orah\\\/#primaryimage\"},\"thumbnailUrl\":\"https:\\\/\\\/qatna.hr\\\/wp-content\\\/uploads\\\/2025\\\/11\\\/DSC0248-scaled.jpg\",\"datePublished\":\"2025-11-28T15:45:21+00:00\",\"dateModified\":\"2025-12-14T14:10:16+00:00\",\"description\":\"Otkrijte QATNA baklavu s bademom \u2013 ru\u010dno izra\u0111enu prema originalnoj turskoj recepturi. Hrskavi bademi, tanko tijesto i aromati\u010dni sirup \u010dine savr\u0161en desert.\",\"breadcrumb\":{\"@id\":\"https:\\\/\\\/qatna.hr\\\/de\\\/produkt\\\/turska-baklava-cokolada-pistacija-500g-dubai-cokolada-orah\\\/#breadcrumb\"},\"inLanguage\":\"de\",\"potentialAction\":[{\"@type\":\"ReadAction\",\"target\":[\"https:\\\/\\\/qatna.hr\\\/de\\\/produkt\\\/turska-baklava-cokolada-pistacija-500g-dubai-cokolada-orah\\\/\"]}]},{\"@type\":\"ImageObject\",\"inLanguage\":\"de\",\"@id\":\"https:\\\/\\\/qatna.hr\\\/de\\\/produkt\\\/turska-baklava-cokolada-pistacija-500g-dubai-cokolada-orah\\\/#primaryimage\",\"url\":\"https:\\\/\\\/qatna.hr\\\/wp-content\\\/uploads\\\/2025\\\/11\\\/DSC0248-scaled.jpg\",\"contentUrl\":\"https:\\\/\\\/qatna.hr\\\/wp-content\\\/uploads\\\/2025\\\/11\\\/DSC0248-scaled.jpg\",\"width\":2560,\"height\":2560},{\"@type\":\"BreadcrumbList\",\"@id\":\"https:\\\/\\\/qatna.hr\\\/de\\\/produkt\\\/turska-baklava-cokolada-pistacija-500g-dubai-cokolada-orah\\\/#breadcrumb\",\"itemListElement\":[{\"@type\":\"ListItem\",\"position\":1,\"name\":\"Startseite\",\"item\":\"https:\\\/\\\/qatna.hr\\\/\"},{\"@type\":\"ListItem\",\"position\":2,\"name\":\"Gesch\u00e4ft\",\"item\":\"https:\\\/\\\/qatna.hr\\\/trgovina\\\/\"},{\"@type\":\"ListItem\",\"position\":3,\"name\":\"Qatna Baklava Elegance \u2013 Badem\"}]},{\"@type\":\"WebSite\",\"@id\":\"https:\\\/\\\/qatna.hr\\\/de\\\/#website\",\"url\":\"https:\\\/\\\/qatna.hr\\\/de\\\/\",\"name\":\"Qatna\",\"description\":\"Luxuri\u00f6se orientalische S\u00fc\u00dfigkeiten\",\"potentialAction\":[{\"@type\":\"SearchAction\",\"target\":{\"@type\":\"EntryPoint\",\"urlTemplate\":\"https:\\\/\\\/qatna.hr\\\/de\\\/?s={search_term_string}\"},\"query-input\":{\"@type\":\"PropertyValueSpecification\",\"valueRequired\":true,\"valueName\":\"search_term_string\"}}],\"inLanguage\":\"de\"}]}<\/script>\n<!-- \/ Yoast SEO plugin. -->","yoast_head_json":{"title":"Qatna","description":"Otkrijte QATNA baklavu s bademom \u2013 ru\u010dno izra\u0111enu prema originalnoj turskoj recepturi. Hrskavi bademi, tanko tijesto i aromati\u010dni sirup \u010dine savr\u0161en desert.","robots":{"index":"index","follow":"follow","max-snippet":"max-snippet:-1","max-image-preview":"max-image-preview:large","max-video-preview":"max-video-preview:-1"},"canonical":"Otkrijte \u010daroliju turske baklave u rasko\u0161noj kombinaciji hrskavih badema i nje\u017eno aromatiziranog sirupa. Na\u0161a premium baklava spaja slatko\u0107u i kremoznost punjenja od prvoklasnih badema s ru\u010dno izra\u0111enim, ultra tankim korama, stvaraju\u0107i savr\u0161enu harmoniju hrskavosti i bogatog okusa. Svaki zalogaj topi se u ustima, otkrivaju\u0107i sofisticirani, autenti\u010dni okus koji osvaja na prvi tren. Savr\u0161ena kao poseban&hellip;","og_locale":"de_DE","og_type":"article","og_description":"Otkrijte QATNA baklavu s bademom \u2013 ru\u010dno izra\u0111enu prema originalnoj turskoj recepturi. Hrskavi bademi, tanko tijesto i aromati\u010dni sirup \u010dine savr\u0161en desert.","og_url":"https:\/\/qatna.hr\/de\/produkt\/turska-baklava-cokolada-pistacija-500g-dubai-cokolada-orah\/","og_site_name":"Qatna","article_modified_time":"2025-12-14T14:10:16+00:00","og_image":[{"width":2560,"height":2560,"url":"https:\/\/qatna.hr\/wp-content\/uploads\/2025\/11\/DSC0248-scaled.jpg","type":"image\/jpeg"}],"twitter_card":"summary_large_image","twitter_misc":{"Gesch\u00e4tzte Lesezeit":"1\u00a0Minute"},"schema":{"@context":"https:\/\/schema.org","@graph":[{"@type":"WebPage","@id":"https:\/\/qatna.hr\/de\/produkt\/turska-baklava-cokolada-pistacija-500g-dubai-cokolada-orah\/","url":"https:\/\/qatna.hr\/de\/produkt\/turska-baklava-cokolada-pistacija-500g-dubai-cokolada-orah\/","name":"Qatna Baklava Elegance \u2013 Badem","isPartOf":{"@id":"https:\/\/qatna.hr\/#website"},"primaryImageOfPage":{"@id":"https:\/\/qatna.hr\/de\/produkt\/turska-baklava-cokolada-pistacija-500g-dubai-cokolada-orah\/#primaryimage"},"image":{"@id":"https:\/\/qatna.hr\/de\/produkt\/turska-baklava-cokolada-pistacija-500g-dubai-cokolada-orah\/#primaryimage"},"thumbnailUrl":"https:\/\/qatna.hr\/wp-content\/uploads\/2025\/11\/DSC0248-scaled.jpg","datePublished":"2025-11-28T15:45:21+00:00","dateModified":"2025-12-14T14:10:16+00:00","description":"Otkrijte QATNA baklavu s bademom \u2013 ru\u010dno izra\u0111enu prema originalnoj turskoj recepturi. Hrskavi bademi, tanko tijesto i aromati\u010dni sirup \u010dine savr\u0161en desert.","breadcrumb":{"@id":"https:\/\/qatna.hr\/de\/produkt\/turska-baklava-cokolada-pistacija-500g-dubai-cokolada-orah\/#breadcrumb"},"inLanguage":"de","potentialAction":[{"@type":"ReadAction","target":["https:\/\/qatna.hr\/de\/produkt\/turska-baklava-cokolada-pistacija-500g-dubai-cokolada-orah\/"]}]},{"@type":"ImageObject","inLanguage":"de","@id":"https:\/\/qatna.hr\/de\/produkt\/turska-baklava-cokolada-pistacija-500g-dubai-cokolada-orah\/#primaryimage","url":"https:\/\/qatna.hr\/wp-content\/uploads\/2025\/11\/DSC0248-scaled.jpg","contentUrl":"https:\/\/qatna.hr\/wp-content\/uploads\/2025\/11\/DSC0248-scaled.jpg","width":2560,"height":2560},{"@type":"BreadcrumbList","@id":"https:\/\/qatna.hr\/de\/produkt\/turska-baklava-cokolada-pistacija-500g-dubai-cokolada-orah\/#breadcrumb","itemListElement":[{"@type":"ListItem","position":1,"name":"Startseite","item":"https:\/\/qatna.hr\/"},{"@type":"ListItem","position":2,"name":"Gesch\u00e4ft","item":"https:\/\/qatna.hr\/trgovina\/"},{"@type":"ListItem","position":3,"name":"Qatna Baklava Elegance \u2013 Badem"}]},{"@type":"WebSite","@id":"https:\/\/qatna.hr\/de\/#website","url":"https:\/\/qatna.hr\/de\/","name":"Qatna","description":"Luxuri\u00f6se orientalische S\u00fc\u00dfigkeiten","potentialAction":[{"@type":"SearchAction","target":{"@type":"EntryPoint","urlTemplate":"https:\/\/qatna.hr\/de\/?s={search_term_string}"},"query-input":{"@type":"PropertyValueSpecification","valueRequired":true,"valueName":"search_term_string"}}],"inLanguage":"de"}]}},"_links":{"self":[{"href":"https:\/\/qatna.hr\/de\/wp-json\/wp\/v2\/product\/1958","targetHints":{"allow":["GET"]}}],"collection":[{"href":"https:\/\/qatna.hr\/de\/wp-json\/wp\/v2\/product"}],"about":[{"href":"https:\/\/qatna.hr\/de\/wp-json\/wp\/v2\/types\/product"}],"wp:featuredmedia":[{"embeddable":true,"href":"https:\/\/qatna.hr\/de\/wp-json\/wp\/v2\/media\/2096"}],"wp:attachment":[{"href":"https:\/\/qatna.hr\/de\/wp-json\/wp\/v2\/media?parent=1958"}],"wp:term":[{"taxonomy":"product_brand","embeddable":true,"href":"https:\/\/qatna.hr\/de\/wp-json\/wp\/v2\/product_brand?post=1958"},{"taxonomy":"product_cat","embeddable":true,"href":"https:\/\/qatna.hr\/de\/wp-json\/wp\/v2\/product_cat?post=1958"},{"taxonomy":"product_tag","embeddable":true,"href":"https:\/\/qatna.hr\/de\/wp-json\/wp\/v2\/product_tag?post=1958"}],"curies":[{"name":"wp","href":"https:\/\/api.w.org\/{rel}","templated":true}]}}