{"id":1940,"date":"2025-11-28T15:52:42","date_gmt":"2025-11-28T14:52:42","guid":{"rendered":"https:\/\/qatna.hr\/proizvod\/\/"},"modified":"2025-12-15T10:38:16","modified_gmt":"2025-12-15T09:38:16","slug":"turska-baklava","status":"publish","type":"product","link":"https:\/\/qatna.hr\/en\/product\/turska-baklava\/","title":{"rendered":"Turska baklava - Pistacija Deluxe"},"content":{"rendered":"<p>Otkrijte istinski okus originalne turske baklave, pripremljene prema autenti\u010dnoj recepturi iz srca Turske. Na\u0161a premium baklava s pistacijom ru\u010dno je izra\u0111ena od najfinijih sastojaka: tankih i hrskavih kora, bogatog punjenja od prvoklasnih pistacija te savr\u0161eno uravnote\u017eenog sirupa koji joj daje neodoljivu so\u010dnost i sjaj.<\/p>\n<p>Svaki komad donosi luksuzno iskustvo \u2013 zlatno pe\u010dena, mirisna i elegantna, s jasno vidljivim slojevima koji se tope u ustima. Idealna kao profinjeni desert, uz \u0161alicu kave ili kao ekskluzivan poklon za posebne prilike.<\/p>\n<p><strong>Originalna turska receptura<\/strong><\/p>\n<p><strong>Ru\u010dna izrada<\/strong><\/p>\n<p><strong>Premium sastojci<\/strong><\/p>\n<p><strong>Autenti\u010dan okus bez kompromisa<\/strong><\/p>\n<p><strong>QATNA baklava<\/strong> \u2013 prava turska delicija koja osvaja na prvi zalogaj.<\/p>\n","protected":false},"excerpt":{"rendered":"<p>4 kom<\/p>\n","protected":false},"featured_media":2118,"template":"","meta":{"_et_pb_use_builder":"","_et_pb_old_content":"","_et_gb_content_width":""},"product_brand":[],"product_cat":[29],"product_tag":[27],"class_list":{"0":"post-1940","1":"product","2":"type-product","3":"status-publish","4":"has-post-thumbnail","6":"product_cat-sweets","7":"product_tag-small-box","9":"first","10":"instock","11":"featured","12":"taxable","13":"shipping-taxable","14":"purchasable","15":"product-type-simple"},"yoast_head":"<!-- This site is optimized with the Yoast SEO plugin v27.3 - https:\/\/yoast.com\/product\/yoast-seo-wordpress\/ -->\n<title>Premium Turska Baklava Pistacija Qatna<\/title>\n<meta name=\"description\" content=\"Kupite premium tursku baklavu s pistacijom. Ru\u010dna izrada, originalna receptura i savr\u0161en okus. Idealno za poklone i luksuzni desert.\" \/>\n<meta name=\"robots\" content=\"index, follow, max-snippet:-1, max-image-preview:large, max-video-preview:-1\" \/>\n<link rel=\"canonical\" href=\"http:\/\/4%20kom\" \/>\n<meta property=\"og:locale\" content=\"en_GB\" \/>\n<meta property=\"og:type\" content=\"article\" \/>\n<meta property=\"og:title\" content=\"Premium Turska Baklava Pistacija Qatna\" \/>\n<meta property=\"og:description\" content=\"Kupite premium tursku baklavu s pistacijom. Ru\u010dna izrada, originalna receptura i savr\u0161en okus. Idealno za poklone i luksuzni desert.\" \/>\n<meta property=\"og:url\" content=\"https:\/\/qatna.hr\/en\/product\/turska-baklava\/\" \/>\n<meta property=\"og:site_name\" content=\"Qatna\" \/>\n<meta property=\"article:modified_time\" content=\"2025-12-15T09:38:16+00:00\" \/>\n<meta property=\"og:image\" content=\"https:\/\/qatna.hr\/wp-content\/uploads\/2025\/11\/DSC0170-scaled.jpg\" \/>\n\t<meta property=\"og:image:width\" content=\"2560\" \/>\n\t<meta property=\"og:image:height\" content=\"2560\" \/>\n\t<meta property=\"og:image:type\" content=\"image\/jpeg\" \/>\n<meta name=\"twitter:card\" content=\"summary_large_image\" \/>\n<meta name=\"twitter:label1\" content=\"Est. reading time\" \/>\n\t<meta name=\"twitter:data1\" content=\"1 minute\" \/>\n<script type=\"application\/ld+json\" class=\"yoast-schema-graph\">{\"@context\":\"https:\\\/\\\/schema.org\",\"@graph\":[{\"@type\":\"WebPage\",\"@id\":\"https:\\\/\\\/qatna.hr\\\/en\\\/product\\\/turska-baklava\\\/\",\"url\":\"https:\\\/\\\/qatna.hr\\\/en\\\/product\\\/turska-baklava\\\/\",\"name\":\"Premium Turska Baklava Pistacija Qatna\",\"isPartOf\":{\"@id\":\"https:\\\/\\\/qatna.hr\\\/#website\"},\"primaryImageOfPage\":{\"@id\":\"https:\\\/\\\/qatna.hr\\\/en\\\/product\\\/turska-baklava\\\/#primaryimage\"},\"image\":{\"@id\":\"https:\\\/\\\/qatna.hr\\\/en\\\/product\\\/turska-baklava\\\/#primaryimage\"},\"thumbnailUrl\":\"https:\\\/\\\/qatna.hr\\\/wp-content\\\/uploads\\\/2025\\\/11\\\/DSC0170-scaled.jpg\",\"datePublished\":\"2025-11-28T14:52:42+00:00\",\"dateModified\":\"2025-12-15T09:38:16+00:00\",\"description\":\"Kupite premium tursku baklavu s pistacijom. Ru\u010dna izrada, originalna receptura i savr\u0161en okus. Idealno za poklone i luksuzni desert.\",\"breadcrumb\":{\"@id\":\"https:\\\/\\\/qatna.hr\\\/en\\\/product\\\/turska-baklava\\\/#breadcrumb\"},\"inLanguage\":\"en-GB\",\"potentialAction\":[{\"@type\":\"ReadAction\",\"target\":[\"https:\\\/\\\/qatna.hr\\\/en\\\/product\\\/turska-baklava\\\/\"]}]},{\"@type\":\"ImageObject\",\"inLanguage\":\"en-GB\",\"@id\":\"https:\\\/\\\/qatna.hr\\\/en\\\/product\\\/turska-baklava\\\/#primaryimage\",\"url\":\"https:\\\/\\\/qatna.hr\\\/wp-content\\\/uploads\\\/2025\\\/11\\\/DSC0170-scaled.jpg\",\"contentUrl\":\"https:\\\/\\\/qatna.hr\\\/wp-content\\\/uploads\\\/2025\\\/11\\\/DSC0170-scaled.jpg\",\"width\":2560,\"height\":2560},{\"@type\":\"BreadcrumbList\",\"@id\":\"https:\\\/\\\/qatna.hr\\\/en\\\/product\\\/turska-baklava\\\/#breadcrumb\",\"itemListElement\":[{\"@type\":\"ListItem\",\"position\":1,\"name\":\"Homepage\",\"item\":\"https:\\\/\\\/qatna.hr\\\/\"},{\"@type\":\"ListItem\",\"position\":2,\"name\":\"Shop\",\"item\":\"https:\\\/\\\/qatna.hr\\\/trgovina\\\/\"},{\"@type\":\"ListItem\",\"position\":3,\"name\":\"Turska baklava - Pistacija Deluxe\"}]},{\"@type\":\"WebSite\",\"@id\":\"https:\\\/\\\/qatna.hr\\\/en\\\/#website\",\"url\":\"https:\\\/\\\/qatna.hr\\\/en\\\/\",\"name\":\"Qatna\",\"description\":\"Luxurious oriental sweets\",\"potentialAction\":[{\"@type\":\"SearchAction\",\"target\":{\"@type\":\"EntryPoint\",\"urlTemplate\":\"https:\\\/\\\/qatna.hr\\\/en\\\/?s={search_term_string}\"},\"query-input\":{\"@type\":\"PropertyValueSpecification\",\"valueRequired\":true,\"valueName\":\"search_term_string\"}}],\"inLanguage\":\"en-GB\"}]}<\/script>\n<!-- \/ Yoast SEO plugin. -->","yoast_head_json":{"title":"Premium Turska Baklava Pistacija Qatna","description":"Kupite premium tursku baklavu s pistacijom. Ru\u010dna izrada, originalna receptura i savr\u0161en okus. Idealno za poklone i luksuzni desert.","robots":{"index":"index","follow":"follow","max-snippet":"max-snippet:-1","max-image-preview":"max-image-preview:large","max-video-preview":"max-video-preview:-1"},"canonical":"4 kom","og_locale":"en_GB","og_type":"article","og_title":"Premium Turska Baklava Pistacija Qatna","og_description":"Kupite premium tursku baklavu s pistacijom. Ru\u010dna izrada, originalna receptura i savr\u0161en okus. Idealno za poklone i luksuzni desert.","og_url":"https:\/\/qatna.hr\/en\/product\/turska-baklava\/","og_site_name":"Qatna","article_modified_time":"2025-12-15T09:38:16+00:00","og_image":[{"width":2560,"height":2560,"url":"https:\/\/qatna.hr\/wp-content\/uploads\/2025\/11\/DSC0170-scaled.jpg","type":"image\/jpeg"}],"twitter_card":"summary_large_image","twitter_misc":{"Est. reading time":"1 minute"},"schema":{"@context":"https:\/\/schema.org","@graph":[{"@type":"WebPage","@id":"https:\/\/qatna.hr\/en\/product\/turska-baklava\/","url":"https:\/\/qatna.hr\/en\/product\/turska-baklava\/","name":"Premium Turska Baklava Pistacija Qatna","isPartOf":{"@id":"https:\/\/qatna.hr\/#website"},"primaryImageOfPage":{"@id":"https:\/\/qatna.hr\/en\/product\/turska-baklava\/#primaryimage"},"image":{"@id":"https:\/\/qatna.hr\/en\/product\/turska-baklava\/#primaryimage"},"thumbnailUrl":"https:\/\/qatna.hr\/wp-content\/uploads\/2025\/11\/DSC0170-scaled.jpg","datePublished":"2025-11-28T14:52:42+00:00","dateModified":"2025-12-15T09:38:16+00:00","description":"Kupite premium tursku baklavu s pistacijom. Ru\u010dna izrada, originalna receptura i savr\u0161en okus. Idealno za poklone i luksuzni desert.","breadcrumb":{"@id":"https:\/\/qatna.hr\/en\/product\/turska-baklava\/#breadcrumb"},"inLanguage":"en-GB","potentialAction":[{"@type":"ReadAction","target":["https:\/\/qatna.hr\/en\/product\/turska-baklava\/"]}]},{"@type":"ImageObject","inLanguage":"en-GB","@id":"https:\/\/qatna.hr\/en\/product\/turska-baklava\/#primaryimage","url":"https:\/\/qatna.hr\/wp-content\/uploads\/2025\/11\/DSC0170-scaled.jpg","contentUrl":"https:\/\/qatna.hr\/wp-content\/uploads\/2025\/11\/DSC0170-scaled.jpg","width":2560,"height":2560},{"@type":"BreadcrumbList","@id":"https:\/\/qatna.hr\/en\/product\/turska-baklava\/#breadcrumb","itemListElement":[{"@type":"ListItem","position":1,"name":"Homepage","item":"https:\/\/qatna.hr\/"},{"@type":"ListItem","position":2,"name":"Shop","item":"https:\/\/qatna.hr\/trgovina\/"},{"@type":"ListItem","position":3,"name":"Turska baklava - Pistacija Deluxe"}]},{"@type":"WebSite","@id":"https:\/\/qatna.hr\/en\/#website","url":"https:\/\/qatna.hr\/en\/","name":"Qatna","description":"Luxurious oriental sweets","potentialAction":[{"@type":"SearchAction","target":{"@type":"EntryPoint","urlTemplate":"https:\/\/qatna.hr\/en\/?s={search_term_string}"},"query-input":{"@type":"PropertyValueSpecification","valueRequired":true,"valueName":"search_term_string"}}],"inLanguage":"en-GB"}]}},"_links":{"self":[{"href":"https:\/\/qatna.hr\/en\/wp-json\/wp\/v2\/product\/1940","targetHints":{"allow":["GET"]}}],"collection":[{"href":"https:\/\/qatna.hr\/en\/wp-json\/wp\/v2\/product"}],"about":[{"href":"https:\/\/qatna.hr\/en\/wp-json\/wp\/v2\/types\/product"}],"wp:featuredmedia":[{"embeddable":true,"href":"https:\/\/qatna.hr\/en\/wp-json\/wp\/v2\/media\/2118"}],"wp:attachment":[{"href":"https:\/\/qatna.hr\/en\/wp-json\/wp\/v2\/media?parent=1940"}],"wp:term":[{"taxonomy":"product_brand","embeddable":true,"href":"https:\/\/qatna.hr\/en\/wp-json\/wp\/v2\/product_brand?post=1940"},{"taxonomy":"product_cat","embeddable":true,"href":"https:\/\/qatna.hr\/en\/wp-json\/wp\/v2\/product_cat?post=1940"},{"taxonomy":"product_tag","embeddable":true,"href":"https:\/\/qatna.hr\/en\/wp-json\/wp\/v2\/product_tag?post=1940"}],"curies":[{"name":"wp","href":"https:\/\/api.w.org\/{rel}","templated":true}]}}