{"id":2163,"date":"2025-12-14T17:05:06","date_gmt":"2025-12-14T16:05:06","guid":{"rendered":"https:\/\/qatna.hr\/proizvod\/\/"},"modified":"2025-12-14T17:57:56","modified_gmt":"2025-12-14T16:57:56","slug":"turska-baklava-ljesnjak-2","status":"publish","type":"product","link":"https:\/\/qatna.hr\/en\/product\/turska-baklava-ljesnjak-2\/","title":{"rendered":"Turska baklava - Lje\u0161njak"},"content":{"rendered":"<p data-start=\"71\" data-end=\"378\">Otkrijte istinski okus turske baklave u njezinoj \u010distoj i bezvremenskoj varijanti s <strong data-start=\"155\" data-end=\"169\">lje\u0161njakom<\/strong>. Na\u0161a premium baklava isti\u010de bogatstvo pa\u017eljivo biranih, aromati\u010dnih lje\u0161njaka, koji svojim punim okusom savr\u0161eno nadopunjuju slojeve ultra tankih, ru\u010dno izra\u0111enih kora, pe\u010denih do savr\u0161ene zlatne hrskavosti.<\/p>\n<p data-start=\"380\" data-end=\"623\">Prelivena nje\u017eno aromatiziranim sirupom, ova baklava donosi skladnu ravnote\u017eu slatko\u0107e i puno\u0107e okusa, bez suvi\u0161nih dodataka. Svaki zalogaj pru\u017ea ugodnu hrskavost izvana i so\u010dnost iznutra, uz prirodnu, toplu aromu lje\u0161njaka koja se dugo pamti.<\/p>\n<p data-start=\"625\" data-end=\"816\" data-is-last-node=\"\" data-is-only-node=\"\">Idealna kao tradicionalni desert, elegantan poklon ili savr\u0161en trenutak u\u017eivanja uz kavu i dobro dru\u0161tvo, <strong data-start=\"731\" data-end=\"751\">baklava lje\u0161njak<\/strong> predstavlja autenti\u010dan u\u017eitak i jednostavnu rasko\u0161 pravog okusa.<\/p>\n<p data-start=\"747\" data-end=\"778\"><strong data-start=\"747\" data-end=\"778\">Originalna turska receptura<\/strong><\/p>\n<p data-start=\"780\" data-end=\"796\"><strong data-start=\"780\" data-end=\"796\">Ru\u010dna izrada<\/strong><\/p>\n<p data-start=\"798\" data-end=\"818\"><strong data-start=\"798\" data-end=\"818\">Premium sastojci<\/strong><\/p>\n<p data-start=\"820\" data-end=\"854\"><strong data-start=\"820\" data-end=\"854\">Autenti\u010dan okus bez kompromisa<\/strong><\/p>\n<p data-start=\"856\" data-end=\"922\" data-is-last-node=\"\" data-is-only-node=\"\">QATNA baklava \u2013 prava turska delicija koja osvaja na prvi zalogaj.<\/p>\n","protected":false},"excerpt":{"rendered":"<p>8 kom<\/p>\n","protected":false},"featured_media":2160,"template":"","meta":{"_et_pb_use_builder":"","_et_pb_old_content":"","_et_gb_content_width":""},"product_brand":[],"product_cat":[29],"product_tag":[26],"class_list":{"0":"post-2163","1":"product","2":"type-product","3":"status-publish","4":"has-post-thumbnail","6":"product_cat-sweets","7":"product_tag-medium-box","9":"first","10":"instock","11":"taxable","12":"shipping-taxable","13":"purchasable","14":"product-type-simple"},"yoast_head":"<!-- This site is optimized with the Yoast SEO plugin v27.3 - https:\/\/yoast.com\/product\/yoast-seo-wordpress\/ -->\n<title>Turska baklava - Lje\u0161njak<\/title>\n<meta name=\"description\" content=\"Otvorite vrata vrhunskog okusa uz tursku baklavu Lje\u0161njak. Idealna za darivanje, posebne prilike i ljubitelje premium slastica.\" \/>\n<meta name=\"robots\" content=\"index, follow, max-snippet:-1, max-image-preview:large, max-video-preview:-1\" \/>\n<link rel=\"canonical\" href=\"http:\/\/8%20kom\" \/>\n<meta property=\"og:locale\" content=\"en_GB\" \/>\n<meta property=\"og:type\" content=\"article\" \/>\n<meta property=\"og:title\" content=\"Turska baklava - Lje\u0161njak\" \/>\n<meta property=\"og:description\" content=\"Otvorite vrata vrhunskog okusa uz tursku baklavu Lje\u0161njak. Idealna za darivanje, posebne prilike i ljubitelje premium slastica.\" \/>\n<meta property=\"og:url\" content=\"https:\/\/qatna.hr\/en\/product\/turska-baklava-ljesnjak-2\/\" \/>\n<meta property=\"og:site_name\" content=\"Qatna\" \/>\n<meta property=\"article:modified_time\" content=\"2025-12-14T16:57:56+00:00\" \/>\n<meta property=\"og:image\" content=\"https:\/\/qatna.hr\/wp-content\/uploads\/2025\/12\/DSC0298-scaled.jpg\" \/>\n\t<meta property=\"og:image:width\" content=\"2560\" \/>\n\t<meta property=\"og:image:height\" content=\"2560\" \/>\n\t<meta property=\"og:image:type\" content=\"image\/jpeg\" \/>\n<meta name=\"twitter:card\" content=\"summary_large_image\" \/>\n<meta name=\"twitter:label1\" content=\"Est. reading time\" \/>\n\t<meta name=\"twitter:data1\" content=\"1 minute\" \/>\n<script type=\"application\/ld+json\" class=\"yoast-schema-graph\">{\"@context\":\"https:\\\/\\\/schema.org\",\"@graph\":[{\"@type\":\"WebPage\",\"@id\":\"https:\\\/\\\/qatna.hr\\\/en\\\/product\\\/turska-baklava-ljesnjak-2\\\/\",\"url\":\"https:\\\/\\\/qatna.hr\\\/en\\\/product\\\/turska-baklava-ljesnjak-2\\\/\",\"name\":\"Turska baklava - Lje\u0161njak - Qatna\",\"isPartOf\":{\"@id\":\"https:\\\/\\\/qatna.hr\\\/#website\"},\"primaryImageOfPage\":{\"@id\":\"https:\\\/\\\/qatna.hr\\\/en\\\/product\\\/turska-baklava-ljesnjak-2\\\/#primaryimage\"},\"image\":{\"@id\":\"https:\\\/\\\/qatna.hr\\\/en\\\/product\\\/turska-baklava-ljesnjak-2\\\/#primaryimage\"},\"thumbnailUrl\":\"https:\\\/\\\/qatna.hr\\\/wp-content\\\/uploads\\\/2025\\\/12\\\/DSC0298-scaled.jpg\",\"datePublished\":\"2025-12-14T16:05:06+00:00\",\"dateModified\":\"2025-12-14T16:57:56+00:00\",\"description\":\"Otvorite vrata vrhunskog okusa uz tursku baklavu Lje\u0161njak. Idealna za darivanje, posebne prilike i ljubitelje premium slastica.\",\"breadcrumb\":{\"@id\":\"https:\\\/\\\/qatna.hr\\\/en\\\/product\\\/turska-baklava-ljesnjak-2\\\/#breadcrumb\"},\"inLanguage\":\"en-GB\",\"potentialAction\":[{\"@type\":\"ReadAction\",\"target\":[\"https:\\\/\\\/qatna.hr\\\/en\\\/product\\\/turska-baklava-ljesnjak-2\\\/\"]}]},{\"@type\":\"ImageObject\",\"inLanguage\":\"en-GB\",\"@id\":\"https:\\\/\\\/qatna.hr\\\/en\\\/product\\\/turska-baklava-ljesnjak-2\\\/#primaryimage\",\"url\":\"https:\\\/\\\/qatna.hr\\\/wp-content\\\/uploads\\\/2025\\\/12\\\/DSC0298-scaled.jpg\",\"contentUrl\":\"https:\\\/\\\/qatna.hr\\\/wp-content\\\/uploads\\\/2025\\\/12\\\/DSC0298-scaled.jpg\",\"width\":2560,\"height\":2560},{\"@type\":\"BreadcrumbList\",\"@id\":\"https:\\\/\\\/qatna.hr\\\/en\\\/product\\\/turska-baklava-ljesnjak-2\\\/#breadcrumb\",\"itemListElement\":[{\"@type\":\"ListItem\",\"position\":1,\"name\":\"Homepage\",\"item\":\"https:\\\/\\\/qatna.hr\\\/\"},{\"@type\":\"ListItem\",\"position\":2,\"name\":\"Shop\",\"item\":\"https:\\\/\\\/qatna.hr\\\/trgovina\\\/\"},{\"@type\":\"ListItem\",\"position\":3,\"name\":\"Turska baklava - Lje\u0161njak\"}]},{\"@type\":\"WebSite\",\"@id\":\"https:\\\/\\\/qatna.hr\\\/en\\\/#website\",\"url\":\"https:\\\/\\\/qatna.hr\\\/en\\\/\",\"name\":\"Qatna\",\"description\":\"Luxurious oriental sweets\",\"potentialAction\":[{\"@type\":\"SearchAction\",\"target\":{\"@type\":\"EntryPoint\",\"urlTemplate\":\"https:\\\/\\\/qatna.hr\\\/en\\\/?s={search_term_string}\"},\"query-input\":{\"@type\":\"PropertyValueSpecification\",\"valueRequired\":true,\"valueName\":\"search_term_string\"}}],\"inLanguage\":\"en-GB\"}]}<\/script>\n<!-- \/ Yoast SEO plugin. -->","yoast_head_json":{"title":"Turska baklava - Lje\u0161njak","description":"Otvorite vrata vrhunskog okusa uz tursku baklavu Lje\u0161njak. Idealna za darivanje, posebne prilike i ljubitelje premium slastica.","robots":{"index":"index","follow":"follow","max-snippet":"max-snippet:-1","max-image-preview":"max-image-preview:large","max-video-preview":"max-video-preview:-1"},"canonical":"8 kom","og_locale":"en_GB","og_type":"article","og_title":"Turska baklava - Lje\u0161njak","og_description":"Otvorite vrata vrhunskog okusa uz tursku baklavu Lje\u0161njak. Idealna za darivanje, posebne prilike i ljubitelje premium slastica.","og_url":"https:\/\/qatna.hr\/en\/product\/turska-baklava-ljesnjak-2\/","og_site_name":"Qatna","article_modified_time":"2025-12-14T16:57:56+00:00","og_image":[{"width":2560,"height":2560,"url":"https:\/\/qatna.hr\/wp-content\/uploads\/2025\/12\/DSC0298-scaled.jpg","type":"image\/jpeg"}],"twitter_card":"summary_large_image","twitter_misc":{"Est. reading time":"1 minute"},"schema":{"@context":"https:\/\/schema.org","@graph":[{"@type":"WebPage","@id":"https:\/\/qatna.hr\/en\/product\/turska-baklava-ljesnjak-2\/","url":"https:\/\/qatna.hr\/en\/product\/turska-baklava-ljesnjak-2\/","name":"Turska baklava - Lje\u0161njak - Qatna","isPartOf":{"@id":"https:\/\/qatna.hr\/#website"},"primaryImageOfPage":{"@id":"https:\/\/qatna.hr\/en\/product\/turska-baklava-ljesnjak-2\/#primaryimage"},"image":{"@id":"https:\/\/qatna.hr\/en\/product\/turska-baklava-ljesnjak-2\/#primaryimage"},"thumbnailUrl":"https:\/\/qatna.hr\/wp-content\/uploads\/2025\/12\/DSC0298-scaled.jpg","datePublished":"2025-12-14T16:05:06+00:00","dateModified":"2025-12-14T16:57:56+00:00","description":"Otvorite vrata vrhunskog okusa uz tursku baklavu Lje\u0161njak. Idealna za darivanje, posebne prilike i ljubitelje premium slastica.","breadcrumb":{"@id":"https:\/\/qatna.hr\/en\/product\/turska-baklava-ljesnjak-2\/#breadcrumb"},"inLanguage":"en-GB","potentialAction":[{"@type":"ReadAction","target":["https:\/\/qatna.hr\/en\/product\/turska-baklava-ljesnjak-2\/"]}]},{"@type":"ImageObject","inLanguage":"en-GB","@id":"https:\/\/qatna.hr\/en\/product\/turska-baklava-ljesnjak-2\/#primaryimage","url":"https:\/\/qatna.hr\/wp-content\/uploads\/2025\/12\/DSC0298-scaled.jpg","contentUrl":"https:\/\/qatna.hr\/wp-content\/uploads\/2025\/12\/DSC0298-scaled.jpg","width":2560,"height":2560},{"@type":"BreadcrumbList","@id":"https:\/\/qatna.hr\/en\/product\/turska-baklava-ljesnjak-2\/#breadcrumb","itemListElement":[{"@type":"ListItem","position":1,"name":"Homepage","item":"https:\/\/qatna.hr\/"},{"@type":"ListItem","position":2,"name":"Shop","item":"https:\/\/qatna.hr\/trgovina\/"},{"@type":"ListItem","position":3,"name":"Turska baklava - Lje\u0161njak"}]},{"@type":"WebSite","@id":"https:\/\/qatna.hr\/en\/#website","url":"https:\/\/qatna.hr\/en\/","name":"Qatna","description":"Luxurious oriental sweets","potentialAction":[{"@type":"SearchAction","target":{"@type":"EntryPoint","urlTemplate":"https:\/\/qatna.hr\/en\/?s={search_term_string}"},"query-input":{"@type":"PropertyValueSpecification","valueRequired":true,"valueName":"search_term_string"}}],"inLanguage":"en-GB"}]}},"_links":{"self":[{"href":"https:\/\/qatna.hr\/en\/wp-json\/wp\/v2\/product\/2163","targetHints":{"allow":["GET"]}}],"collection":[{"href":"https:\/\/qatna.hr\/en\/wp-json\/wp\/v2\/product"}],"about":[{"href":"https:\/\/qatna.hr\/en\/wp-json\/wp\/v2\/types\/product"}],"wp:featuredmedia":[{"embeddable":true,"href":"https:\/\/qatna.hr\/en\/wp-json\/wp\/v2\/media\/2160"}],"wp:attachment":[{"href":"https:\/\/qatna.hr\/en\/wp-json\/wp\/v2\/media?parent=2163"}],"wp:term":[{"taxonomy":"product_brand","embeddable":true,"href":"https:\/\/qatna.hr\/en\/wp-json\/wp\/v2\/product_brand?post=2163"},{"taxonomy":"product_cat","embeddable":true,"href":"https:\/\/qatna.hr\/en\/wp-json\/wp\/v2\/product_cat?post=2163"},{"taxonomy":"product_tag","embeddable":true,"href":"https:\/\/qatna.hr\/en\/wp-json\/wp\/v2\/product_tag?post=2163"}],"curies":[{"name":"wp","href":"https:\/\/api.w.org\/{rel}","templated":true}]}}